{"id":165,"date":"2025-09-18T23:24:23","date_gmt":"2025-09-18T21:24:23","guid":{"rendered":"https:\/\/hisco.pl\/?post_type=product&#038;p=165"},"modified":"2025-09-18T23:24:24","modified_gmt":"2025-09-18T21:24:24","slug":"zawor-kulowy-1-2-gwint-wewnetrzny","status":"publish","type":"product","link":"https:\/\/hisco.pl\/?product=zawor-kulowy-1-2-gwint-wewnetrzny","title":{"rendered":"Zaw\u00f3r kulowy 1\/2&#8243; gwint wewn\u0119trzny"},"content":{"rendered":"<p>Trwa\u0142y zaw\u00f3r kulowy do instalacji wodnej, wykonany z mosi\u0105dzu. Gwint 1\/2 cala, przystosowany do wody zimnej i ciep\u0142ej. Idealny do zastosowa\u0144 domowych i przemys\u0142owych.<\/p>\n","protected":false},"excerpt":{"rendered":"<p>Trwa\u0142y zaw\u00f3r kulowy do instalacji wodnej, wykonany z mosi\u0105dzu. Gwint 1\/2 cala, przystosowany do wody zimnej i ciep\u0142ej. Idealny do zastosowa\u0144 domowych i przemys\u0142owych.<\/p>\n","protected":false},"featured_media":0,"comment_status":"open","ping_status":"closed","template":"","meta":[],"product_brand":[],"product_cat":[23],"product_tag":[],"class_list":{"0":"post-165","1":"product","2":"type-product","3":"status-publish","5":"product_cat-zawory-glowice","7":"first","8":"instock","9":"shipping-taxable","10":"purchasable","11":"product-type-simple"},"yoast_head":"<!-- This site is optimized with the Yoast SEO plugin v27.4 - https:\/\/yoast.com\/product\/yoast-seo-wordpress\/ -->\n<title>Zaw\u00f3r kulowy 1\/2&quot; gwint wewn\u0119trzny - HISCO<\/title>\n<meta name=\"robots\" content=\"index, follow, max-snippet:-1, max-image-preview:large, max-video-preview:-1\" \/>\n<link rel=\"canonical\" href=\"https:\/\/hisco.pl\/?product=zawor-kulowy-1-2-gwint-wewnetrzny\" \/>\n<meta property=\"og:locale\" content=\"en_US\" \/>\n<meta property=\"og:type\" content=\"article\" \/>\n<meta property=\"og:title\" content=\"Zaw\u00f3r kulowy 1\/2&quot; gwint wewn\u0119trzny - HISCO\" \/>\n<meta property=\"og:description\" content=\"Trwa\u0142y zaw\u00f3r kulowy do instalacji wodnej, wykonany z mosi\u0105dzu. Gwint 1\/2 cala, przystosowany do wody zimnej i ciep\u0142ej. Idealny do zastosowa\u0144 domowych i przemys\u0142owych.\" \/>\n<meta property=\"og:url\" content=\"https:\/\/hisco.pl\/?product=zawor-kulowy-1-2-gwint-wewnetrzny\" \/>\n<meta property=\"og:site_name\" content=\"HISCO\" \/>\n<meta property=\"article:modified_time\" content=\"2025-09-18T21:24:24+00:00\" \/>\n<meta name=\"twitter:card\" content=\"summary_large_image\" \/>\n<meta name=\"twitter:label1\" content=\"Est. reading time\" \/>\n\t<meta name=\"twitter:data1\" content=\"1 minute\" \/>\n<script type=\"application\/ld+json\" class=\"yoast-schema-graph\">{\"@context\":\"https:\\\/\\\/schema.org\",\"@graph\":[{\"@type\":\"WebPage\",\"@id\":\"https:\\\/\\\/hisco.pl\\\/?product=zawor-kulowy-1-2-gwint-wewnetrzny\",\"url\":\"https:\\\/\\\/hisco.pl\\\/?product=zawor-kulowy-1-2-gwint-wewnetrzny\",\"name\":\"Zaw\u00f3r kulowy 1\\\/2\\\" gwint wewn\u0119trzny - HISCO\",\"isPartOf\":{\"@id\":\"https:\\\/\\\/hisco.pl\\\/#website\"},\"datePublished\":\"2025-09-18T21:24:23+00:00\",\"dateModified\":\"2025-09-18T21:24:24+00:00\",\"breadcrumb\":{\"@id\":\"https:\\\/\\\/hisco.pl\\\/?product=zawor-kulowy-1-2-gwint-wewnetrzny#breadcrumb\"},\"inLanguage\":\"en-US\",\"potentialAction\":[{\"@type\":\"ReadAction\",\"target\":[\"https:\\\/\\\/hisco.pl\\\/?product=zawor-kulowy-1-2-gwint-wewnetrzny\"]}]},{\"@type\":\"BreadcrumbList\",\"@id\":\"https:\\\/\\\/hisco.pl\\\/?product=zawor-kulowy-1-2-gwint-wewnetrzny#breadcrumb\",\"itemListElement\":[{\"@type\":\"ListItem\",\"position\":1,\"name\":\"Strona g\u0142\u00f3wna\",\"item\":\"https:\\\/\\\/hisco.pl\\\/\"},{\"@type\":\"ListItem\",\"position\":2,\"name\":\"Sklep\",\"item\":\"https:\\\/\\\/hisco.pl\\\/?page_id=85\"},{\"@type\":\"ListItem\",\"position\":3,\"name\":\"Zaw\u00f3r kulowy 1\\\/2&#8243; gwint wewn\u0119trzny\"}]},{\"@type\":\"WebSite\",\"@id\":\"https:\\\/\\\/hisco.pl\\\/#website\",\"url\":\"https:\\\/\\\/hisco.pl\\\/\",\"name\":\"HISCO\",\"description\":\"Profesjonalne instalacje hydrauliczne i sanitarne\",\"publisher\":{\"@id\":\"https:\\\/\\\/hisco.pl\\\/#organization\"},\"potentialAction\":[{\"@type\":\"SearchAction\",\"target\":{\"@type\":\"EntryPoint\",\"urlTemplate\":\"https:\\\/\\\/hisco.pl\\\/?s={search_term_string}\"},\"query-input\":{\"@type\":\"PropertyValueSpecification\",\"valueRequired\":true,\"valueName\":\"search_term_string\"}}],\"inLanguage\":\"en-US\"},{\"@type\":\"Organization\",\"@id\":\"https:\\\/\\\/hisco.pl\\\/#organization\",\"name\":\"HISCO\",\"url\":\"https:\\\/\\\/hisco.pl\\\/\",\"logo\":{\"@type\":\"ImageObject\",\"inLanguage\":\"en-US\",\"@id\":\"https:\\\/\\\/hisco.pl\\\/#\\\/schema\\\/logo\\\/image\\\/\",\"url\":\"https:\\\/\\\/hisco.pl\\\/wp-content\\\/uploads\\\/2025\\\/10\\\/HISCO_logo_na_biale_tlo.png\",\"contentUrl\":\"https:\\\/\\\/hisco.pl\\\/wp-content\\\/uploads\\\/2025\\\/10\\\/HISCO_logo_na_biale_tlo.png\",\"width\":1024,\"height\":593,\"caption\":\"HISCO\"},\"image\":{\"@id\":\"https:\\\/\\\/hisco.pl\\\/#\\\/schema\\\/logo\\\/image\\\/\"}}]}<\/script>\n<!-- \/ Yoast SEO plugin. -->","yoast_head_json":{"title":"Zaw\u00f3r kulowy 1\/2\" gwint wewn\u0119trzny - HISCO","robots":{"index":"index","follow":"follow","max-snippet":"max-snippet:-1","max-image-preview":"max-image-preview:large","max-video-preview":"max-video-preview:-1"},"canonical":"https:\/\/hisco.pl\/?product=zawor-kulowy-1-2-gwint-wewnetrzny","og_locale":"en_US","og_type":"article","og_title":"Zaw\u00f3r kulowy 1\/2\" gwint wewn\u0119trzny - HISCO","og_description":"Trwa\u0142y zaw\u00f3r kulowy do instalacji wodnej, wykonany z mosi\u0105dzu. Gwint 1\/2 cala, przystosowany do wody zimnej i ciep\u0142ej. Idealny do zastosowa\u0144 domowych i przemys\u0142owych.","og_url":"https:\/\/hisco.pl\/?product=zawor-kulowy-1-2-gwint-wewnetrzny","og_site_name":"HISCO","article_modified_time":"2025-09-18T21:24:24+00:00","twitter_card":"summary_large_image","twitter_misc":{"Est. reading time":"1 minute"},"schema":{"@context":"https:\/\/schema.org","@graph":[{"@type":"WebPage","@id":"https:\/\/hisco.pl\/?product=zawor-kulowy-1-2-gwint-wewnetrzny","url":"https:\/\/hisco.pl\/?product=zawor-kulowy-1-2-gwint-wewnetrzny","name":"Zaw\u00f3r kulowy 1\/2\" gwint wewn\u0119trzny - HISCO","isPartOf":{"@id":"https:\/\/hisco.pl\/#website"},"datePublished":"2025-09-18T21:24:23+00:00","dateModified":"2025-09-18T21:24:24+00:00","breadcrumb":{"@id":"https:\/\/hisco.pl\/?product=zawor-kulowy-1-2-gwint-wewnetrzny#breadcrumb"},"inLanguage":"en-US","potentialAction":[{"@type":"ReadAction","target":["https:\/\/hisco.pl\/?product=zawor-kulowy-1-2-gwint-wewnetrzny"]}]},{"@type":"BreadcrumbList","@id":"https:\/\/hisco.pl\/?product=zawor-kulowy-1-2-gwint-wewnetrzny#breadcrumb","itemListElement":[{"@type":"ListItem","position":1,"name":"Strona g\u0142\u00f3wna","item":"https:\/\/hisco.pl\/"},{"@type":"ListItem","position":2,"name":"Sklep","item":"https:\/\/hisco.pl\/?page_id=85"},{"@type":"ListItem","position":3,"name":"Zaw\u00f3r kulowy 1\/2&#8243; gwint wewn\u0119trzny"}]},{"@type":"WebSite","@id":"https:\/\/hisco.pl\/#website","url":"https:\/\/hisco.pl\/","name":"HISCO","description":"Profesjonalne instalacje hydrauliczne i sanitarne","publisher":{"@id":"https:\/\/hisco.pl\/#organization"},"potentialAction":[{"@type":"SearchAction","target":{"@type":"EntryPoint","urlTemplate":"https:\/\/hisco.pl\/?s={search_term_string}"},"query-input":{"@type":"PropertyValueSpecification","valueRequired":true,"valueName":"search_term_string"}}],"inLanguage":"en-US"},{"@type":"Organization","@id":"https:\/\/hisco.pl\/#organization","name":"HISCO","url":"https:\/\/hisco.pl\/","logo":{"@type":"ImageObject","inLanguage":"en-US","@id":"https:\/\/hisco.pl\/#\/schema\/logo\/image\/","url":"https:\/\/hisco.pl\/wp-content\/uploads\/2025\/10\/HISCO_logo_na_biale_tlo.png","contentUrl":"https:\/\/hisco.pl\/wp-content\/uploads\/2025\/10\/HISCO_logo_na_biale_tlo.png","width":1024,"height":593,"caption":"HISCO"},"image":{"@id":"https:\/\/hisco.pl\/#\/schema\/logo\/image\/"}}]}},"_links":{"self":[{"href":"https:\/\/hisco.pl\/index.php?rest_route=\/wp\/v2\/product\/165","targetHints":{"allow":["GET"]}}],"collection":[{"href":"https:\/\/hisco.pl\/index.php?rest_route=\/wp\/v2\/product"}],"about":[{"href":"https:\/\/hisco.pl\/index.php?rest_route=\/wp\/v2\/types\/product"}],"replies":[{"embeddable":true,"href":"https:\/\/hisco.pl\/index.php?rest_route=%2Fwp%2Fv2%2Fcomments&post=165"}],"wp:attachment":[{"href":"https:\/\/hisco.pl\/index.php?rest_route=%2Fwp%2Fv2%2Fmedia&parent=165"}],"wp:term":[{"taxonomy":"product_brand","embeddable":true,"href":"https:\/\/hisco.pl\/index.php?rest_route=%2Fwp%2Fv2%2Fproduct_brand&post=165"},{"taxonomy":"product_cat","embeddable":true,"href":"https:\/\/hisco.pl\/index.php?rest_route=%2Fwp%2Fv2%2Fproduct_cat&post=165"},{"taxonomy":"product_tag","embeddable":true,"href":"https:\/\/hisco.pl\/index.php?rest_route=%2Fwp%2Fv2%2Fproduct_tag&post=165"}],"curies":[{"name":"wp","href":"https:\/\/api.w.org\/{rel}","templated":true}]}}